{"id":1077,"date":"2023-12-01T09:25:22","date_gmt":"2023-12-01T09:25:22","guid":{"rendered":"http:\/\/royalstone.com.vn\/?post_type=product&#038;p=1077"},"modified":"2023-12-01T09:25:23","modified_gmt":"2023-12-01T09:25:23","slug":"da-granite-meteorus","status":"publish","type":"product","link":"https:\/\/royalstone.com.vn\/en\/da-granite-meteorus\/","title":{"rendered":"\u0110\u00e1 Granite Meteorus"},"content":{"rendered":"<h2 data-sourcepos=\"1:1-1:30\"><strong><span>\u0110\u00e1 Granite Meteorus l\u00e0 g\u00ec?<\/span><\/strong><\/h2>\n<p data-sourcepos=\"3:1-3:204\"><span><a href=\"http:\/\/royalstone.com.vn\/en\/da-granite-meteorus\/\"><em><strong>\u0110\u00e1 Granite Meteorus<\/strong><\/em><\/a> is a kind of natural stone is formed from limestone, metamorphic, <\/span><span>c\u00f3 m\u00e0u \u0111en v\u1edbi c\u00e1c \u0111\u01b0\u1eddng v\u00e2n tr\u1eafng x\u00e1m, <\/span><span>bring beauty, elegance and sophistication. <\/span><span>Stones are often mined at the quarry in Brazil.<\/span><\/p>\n<figure id=\"attachment_1078\" aria-describedby=\"caption-attachment-1078\" style=\"width: 741px\" class=\"wp-caption alignnone\"><img decoding=\"async\" class=\"size-full wp-image-1078\" src=\"http:\/\/royalstone.com.vn\/wp-content\/uploads\/2023\/12\/da-granite-meteorus.jpg\" alt=\"\u0110\u00e1 Granite Meteorus\" width=\"741\" height=\"501\" title=\"\"><figcaption id=\"caption-attachment-1078\" class=\"wp-caption-text\"><b><a href=\"https:\/\/royalstone.com.vn\/en\/da-granite-3-cm-la-lua-chon-hoan-hao\/\">Granite<\/a><\/b> Meteorus<\/figcaption><\/figure>\n<h3 data-sourcepos=\"7:1-7:95\"><strong>\u0110\u00e1 Granite Meteorus c\u00f3 th\u1ec3 \u0111\u01b0\u1ee3c s\u1eed d\u1ee5ng cho m\u1ed9t s\u1ed1 h\u1ea1ng m\u1ee5c trong tr\u00ecnh x\u00e2y d\u1ef1ng, bao g\u1ed3m:<\/strong><\/h3>\n<ul data-sourcepos=\"9:1-12:0\">\n<li data-sourcepos=\"9:1-9:184\"><strong><span>Interior decoration:\u00a0<\/span><\/strong><span><a href=\"http:\/\/royalstone.com.vn\/en\/da-granite\/\"><em><strong>Granite<\/strong><\/em><\/a> Meteorus c\u00f3 m\u00e0u s\u1eafc sang tr\u1ecdng v\u00e0 tinh t\u1ebf,\u00a0<\/span><span>fit with many styles of interior design.\u00a0<\/span><span>Stones are often used to decorate walls,\u00a0<\/span><span>ceiling\u00a0<\/span><span>column,...<\/span><\/li>\n<li data-sourcepos=\"10:1-10:174\"><strong><span>Exterior decoration:\u00a0<\/span><\/strong><span>\u0110\u00e1 Granite Meteorus c\u00f3 \u0111\u1ed9 b\u1ec1n cao,\u00a0<\/span><span>be the fix,\u00a0<\/span><span>suitable to use for the region exterior as facades,\u00a0<\/span><span>port\u00a0<\/span><span>fence,...<\/span><\/li>\n<li data-sourcepos=\"11:1-12:0\"><strong><span>Used in the public works:\u00a0<\/span><\/strong><span>\u0110\u00e1 Granite Meteorus c\u00f3 gi\u00e1 th\u00e0nh h\u1ee3p l\u00fd,\u00a0<\/span><span>easy to apply,\u00a0<\/span><span>suitable for use in public buildings such as schools,\u00a0<\/span><span>hospital,...<\/span><\/li>\n<\/ul>\n<h3 data-sourcepos=\"13:1-13:42\"><strong><span>\u01afu \u0111i\u1ec3m c\u1ee7a \u0110\u00e1 Granite Meteorus l\u00e0 g\u00ec?<\/span><\/strong><\/h3>\n<ul data-sourcepos=\"17:1-22:0\">\n<li data-sourcepos=\"17:1-17:168\"><strong><span>M\u00e0u s\u1eafc \u0111en sang tr\u1ecdng v\u1edbi c\u00e1c \u0111\u01b0\u1eddng v\u00e2n tr\u1eafng x\u00e1m:\u00a0<\/span><\/strong><span>\u0110\u00e1 Granite Meteorus c\u00f3 m\u00e0u s\u1eafc \u0111en sang tr\u1ecdng v\u1edbi c\u00e1c \u0111\u01b0\u1eddng v\u00e2n tr\u1eafng x\u00e1m,\u00a0<\/span><span>t\u1ea1o n\u00ean v\u1ebb \u0111\u1eb9p \u0111\u1ed9c \u0111\u00e1o v\u00e0 \u1ea5n t\u01b0\u1ee3ng.<\/span><\/li>\n<li data-sourcepos=\"18:1-18:124\"><strong><span>Durability:\u00a0<\/span><\/strong><span>\u0110\u00e1 Granite Meteorus c\u00f3 \u0111\u1ed9 b\u1ec1n cao,\u00a0<\/span><span>have the ability to settle thoroughly,\u00a0<\/span><span>less damaged during use.<\/span><\/li>\n<li data-sourcepos=\"19:1-19:145\"><strong><span>The ability to recover well:\u00a0<\/span><\/strong><span>\u0110\u00e1 Granite Meteorus c\u00f3 kh\u1ea3 n\u0103ng ph\u1ee5c h\u1ed3i t\u1ed1t,\u00a0<\/span><span>not economic,\u00a0<\/span><span>nutrients,\u00a0<\/span><span>fit all interior and exceptions.<\/span><\/li>\n<li data-sourcepos=\"20:1-20:96\"><strong><span>Easy construction:\u00a0<\/span><\/strong><span>\u0110\u00e1 Granite Meteorus c\u00f3 th\u1ec3 thi c\u00f4ng d\u1ec5 d\u00e0ng,\u00a0<\/span><span>does not require highly technical.<\/span><\/li>\n<li data-sourcepos=\"21:1-22:0\"><strong><span>Reasonable price:\u00a0<\/span><\/strong><span>\u0110\u00e1 Granite Meteorus c\u00f3 gi\u00e1 th\u00e0nh h\u1ee3p l\u00fd,\u00a0<\/span><span>in accordance with many customers.<\/span><\/li>\n<\/ul>\n<h3 data-sourcepos=\"23:1-23:55\"><strong><span>Nh\u1eefng \u0111i\u1ec1u l\u01b0u \u00fd khi s\u1eed d\u1ee5ng lo\u1ea1i \u0110\u00e1 Granite Meteorus<\/span><\/strong><\/h3>\n<ul data-sourcepos=\"27:1-30:0\">\n<li data-sourcepos=\"27:1-27:156\"><strong><span>Avoid strong impact:\u00a0<\/span><\/strong><span>\u0110\u00e1 Granite Meteorus c\u00f3 \u0111\u1ed9 c\u1ee9ng cao\u00a0<\/span><span>nh\u01b0ng c\u0169ng c\u00f3 th\u1ec3 b\u1ecb ph\u00e1 v\u1ee1 n\u1ebfu ch\u1ecbu \u0111\u01b0\u1ee3c t\u00e1c \u0111\u1ed9ng m\u1ea1nh.\u00a0<\/span><span>Therefore,\u00a0<\/span><span>to avoid a strong impact on the stone surface.<\/span><\/li>\n<li data-sourcepos=\"28:1-28:177\"><strong><span>Avoid contact with chemicals:\u00a0<\/span><\/strong><span>\u0110\u00e1 Granite Meteorus c\u00f3 th\u1ec3 b\u1ecb \u0103n m\u00f2n b\u1edfi c\u00e1c ch\u1ea5t h\u00f3a h\u1ecdc m\u1ea1nh,\u00a0<\/span><span>cumshot, such as acids,\u00a0<\/span><span>base...\u00a0<\/span><span>Therefore,\u00a0<\/span><span>need to avoid rocks exposed to the chemical substance this.<\/span><\/li>\n<li data-sourcepos=\"29:1-30:0\"><strong><span>Regular cleaning:\u00a0<\/span><\/strong><span>\u0110\u00e1 Granite Meteorus c\u00f3 b\u1ec1 m\u1eb7t m\u1ecbn b\u00f3ng,\u00a0<\/span><span>easily protect biology.\u00a0<\/span><span>However,\u00a0<\/span><span>you should also note cleaned regularly to avoid accumulation of dirt,\u00a0<\/span><span>influence the aesthetics of the stone.<\/span><\/li>\n<li data-sourcepos=\"35:1-35:135\">When using decorative stone interior, it is necessary to note the contrast of stone with the other items in the room to create harmony in harmony.<\/li>\n<li data-sourcepos=\"36:1-36:110\">When using decorative stone exterior, need to pay attention to the weather factors to protect the stone from being damaged.<\/li>\n<li data-sourcepos=\"37:1-38:0\">When securing a birth stone, need to use detergents dedicated to natural stone, to avoid damaging the stone.<\/li>\n<\/ul>\n<h2 data-sourcepos=\"40:1-40:42\"><strong>\u0110\u1ecba ch\u1ec9 mua \u0110\u00e1 Granite Lava Oro uy t\u00edn<\/strong><\/h2>\n<p data-sourcepos=\"42:1-42:260\"><em><strong>Royal Stone \u2013 natural Stone premium<\/strong><\/em> l\u00e0 \u0111\u1ecba ch\u1ec9 uy t\u00edn chuy\u00ean cung c\u1ea5p c\u00e1c lo\u1ea1i \u0111\u00e1 t\u1ef1 nhi\u00ean cao c\u1ea5p, bao g\u1ed3m c\u1ea3 \u0110\u00e1 Granite Meteorus. V\u1edbi nhi\u1ec1u n\u0103m kinh nghi\u1ec7m trong l\u0129nh v\u1ef1c \u0111\u00e1 \u1ed1p l\u00e1t, ch\u00fang t\u00f4i cam k\u1ebft mang \u0111\u1ebfn cho kh\u00e1ch h\u00e0ng nh\u1eefng s\u1ea3n ph\u1ea9m ch\u1ea5t l\u01b0\u1ee3ng t\u1ed1t nh\u1ea5t v\u1edbi gi\u00e1 c\u1ea3 h\u1ee3p l\u00fd.<\/p>\n<p data-sourcepos=\"46:1-46:199\">\u0110\u00e1 Granite Meteorus l\u00e0 lo\u1ea1i \u0111\u00e1 t\u1ef1 nhi\u00ean c\u00f3 nhi\u1ec1u \u01b0u \u0111i\u1ec3m v\u01b0\u1ee3t tr\u1ed9i, ph\u00f9 h\u1ee3p v\u1edbi nhi\u1ec1u \u1ee9ng d\u1ee5ng kh\u00e1c nhau. V\u1edbi v\u1ebb \u0111\u1eb9p sang tr\u1ecdng v\u00e0 tinh t\u1ebf. \u0110\u00e1 Granite Meteorus mang \u0111\u1ebfn s\u1ef1 ho\u00e0n h\u1ea3o cho m\u1ecdi kh\u00f4ng gian s\u1ed1ng.<\/p>\n<h3><strong>Contact information Royal Stone \u2013 natural Stone premium<\/strong><\/h3>\n<p><strong>COMPANY LIMITED ROYAL STONE<\/strong><\/p>\n<p>\u260e Hotline: 0963 689 531<\/p>\n<p>\ud83c\udfe0 Office : 283 Tay Mo Ward, Dai Mo ward, Nam tu Liem district, Ha Noi City.<\/p>\n<p>\ud83c\udfe0 Factory: the 10 Yen The town, Luc Yen district, Yen Bai province<\/p>\n<p>\ud83c\udfe0 Warehouse Ha Noi: Lane 24, Dai Mo, tu Liem, Ha Noi (falling edge 4 Van Phuc, Ha Dong)<\/p>\n<p>\ud83c\udf10 Website:\u00a0<a href=\"https:\/\/royalstone.com.vn\/en\/\">www.royalstone.com.vn<\/a><\/p>\n<h3 class=\"ftwp-heading\"><strong>Connect with Royal Stone<\/strong><\/h3>\n<div class=\"textwidget custom-html-widget\">\n<div class=\"textwidget custom-html-widget\">\n<div><a href=\"https:\/\/www.youtube.com\/@royalstone-datunhiencaocap\" target=\"_blank\" rel=\"noopener nofollow\"><img decoding=\"async\" class=\"entered lazyloaded\" title=\"ROYAL STONE - natural Stone premium\" src=\"http:\/\/royalstone.com.vn\/wp-content\/uploads\/2023\/11\/youtube-royalstone.jpg\" alt=\"ROYAL STONE - natural Stone premium\" width=\"30\" height=\"30\" data-lazy-src=\"http:\/\/royalstone.com.vn\/wp-content\/uploads\/2023\/11\/youtube-royalstone.jpg\" data-ll-status=\"loaded\" data-lazy-=\"\" \/><\/a><a href=\"https:\/\/www.facebook.com\/RoyalstoneDaTuNhienCaoCap\" target=\"_blank\" rel=\"noopener nofollow\"><img decoding=\"async\" class=\"entered lazyloaded\" title=\"ROYAL STONE - natural Stone premium\" src=\"http:\/\/royalstone.com.vn\/wp-content\/uploads\/2023\/11\/facebook-royalstone.jpg\" alt=\"ROYAL STONE - natural Stone premium\" width=\"30\" height=\"30\" data-lazy-src=\"http:\/\/royalstone.com.vn\/wp-content\/uploads\/2023\/11\/facebook-royalstone.jpg\" data-ll-status=\"loaded\" data-lazy-=\"\" \/><\/a><a href=\"https:\/\/twitter.com\/royalstonedatn\" target=\"_blank\" rel=\"noopener nofollow\"><img decoding=\"async\" class=\"entered lazyloaded\" title=\"ROYAL STONE - natural Stone premium\" src=\"http:\/\/royalstone.com.vn\/wp-content\/uploads\/2023\/11\/twitter-royalstone.jpg\" alt=\"ROYAL STONE - natural Stone premium\" width=\"30\" height=\"30\" data-lazy-src=\"http:\/\/royalstone.com.vn\/wp-content\/uploads\/2023\/11\/twitter-royalstone.jpg\" data-ll-status=\"loaded\" data-lazy-=\"\" \/><\/a><a href=\"https:\/\/www.pinterest.com\/royalstonedatunhiencaocap\/\" target=\"_blank\" rel=\"noopener nofollow\"><img decoding=\"async\" class=\"entered lazyloaded\" title=\"ROYAL STONE - natural Stone premium\" src=\"http:\/\/royalstone.com.vn\/wp-content\/uploads\/2023\/11\/printerest-royalstone.jpg\" alt=\"ROYAL STONE - natural Stone premium\" width=\"30\" height=\"30\" data-lazy-src=\"http:\/\/royalstone.com.vn\/wp-content\/uploads\/2023\/11\/printerest-royalstone.jpg\" data-ll-status=\"loaded\" data-lazy-=\"\" \/><\/a><a href=\"https:\/\/www.linkedin.com\/in\/royalstone-datunhien\/\" target=\"_blank\" rel=\"noopener nofollow\"><img decoding=\"async\" class=\"entered lazyloaded\" title=\"ROYAL STONE - natural Stone premium\" src=\"http:\/\/royalstone.com.vn\/wp-content\/uploads\/2023\/11\/linkedin-royalstone.jpg\" alt=\"ROYAL STONE - natural Stone premium\" width=\"30\" height=\"30\" data-lazy-src=\"http:\/\/royalstone.com.vn\/wp-content\/uploads\/2023\/11\/linkedin-royalstone.jpg\" data-ll-status=\"loaded\" data-lazy-=\"\" \/><\/a><\/div>\n<\/div>\n<\/div>","protected":false},"excerpt":{"rendered":"<ul>\n<li>MSP: Meteorus<\/li>\n<li>Place of origin: Brazil<\/li>\n<li>Color: Black<\/li>\n<li>Material: Granite<\/li>\n<li>Size: large<\/li>\n<li>Thickness: 2.0 cm<\/li>\n<li>Application<\/li>\n<li>Cladding facade<\/li>\n<li>Paneled staircase<\/li>\n<li>Tangent floor<\/li>\n<li>Wall cladding<\/li>\n<\/ul>","protected":false},"featured_media":1078,"comment_status":"closed","ping_status":"closed","template":"","meta":{"inline_featured_image":false},"product_cat":[23,26],"product_tag":[],"class_list":{"0":"post-1077","1":"product","2":"type-product","3":"status-publish","4":"has-post-thumbnail","6":"product_cat-da-granite","7":"product_cat-da-granite-den","9":"first","10":"instock","11":"shipping-taxable","12":"product-type-simple"},"_links":{"self":[{"href":"https:\/\/royalstone.com.vn\/en\/wp-json\/wp\/v2\/product\/1077","targetHints":{"allow":["GET"]}}],"collection":[{"href":"https:\/\/royalstone.com.vn\/en\/wp-json\/wp\/v2\/product"}],"about":[{"href":"https:\/\/royalstone.com.vn\/en\/wp-json\/wp\/v2\/types\/product"}],"replies":[{"embeddable":true,"href":"https:\/\/royalstone.com.vn\/en\/wp-json\/wp\/v2\/comments?post=1077"}],"wp:featuredmedia":[{"embeddable":true,"href":"https:\/\/royalstone.com.vn\/en\/wp-json\/wp\/v2\/media\/1078"}],"wp:attachment":[{"href":"https:\/\/royalstone.com.vn\/en\/wp-json\/wp\/v2\/media?parent=1077"}],"wp:term":[{"taxonomy":"product_cat","embeddable":true,"href":"https:\/\/royalstone.com.vn\/en\/wp-json\/wp\/v2\/product_cat?post=1077"},{"taxonomy":"product_tag","embeddable":true,"href":"https:\/\/royalstone.com.vn\/en\/wp-json\/wp\/v2\/product_tag?post=1077"}],"curies":[{"name":"wp","href":"https:\/\/api.w.org\/{rel}","templated":true}]}}