{"id":1058,"date":"2023-12-01T08:18:32","date_gmt":"2023-12-01T08:18:32","guid":{"rendered":"http:\/\/royalstone.com.vn\/?post_type=product&#038;p=1058"},"modified":"2023-12-01T08:18:33","modified_gmt":"2023-12-01T08:18:33","slug":"da-granite-blue-night-2","status":"publish","type":"product","link":"https:\/\/royalstone.com.vn\/en\/da-granite-blue-night-2\/","title":{"rendered":"Granite Blue Night"},"content":{"rendered":"<h2 data-sourcepos=\"1:1-1:32\"><strong><span>Granite Blue Night what is?<\/span><\/strong><\/h2>\n<p data-sourcepos=\"3:1-3:212\"><span><b><a href=\"https:\/\/royalstone.com.vn\/en\/da-granite-3-cm-la-lua-chon-hoan-hao\/\">Granite<\/a><\/b> Blue Night l\u00e0 m\u1ed9t lo\u1ea1i \u0111\u00e1 t\u1ef1 nhi\u00ean \u0111\u01b0\u1ee3c h\u00ecnh th\u00e0nh t\u1eeb \u0111\u00e1 v\u00f4i bi\u1ebfn ch\u1ea5t,<\/span><span>c\u00f3 m\u00e0u xanh \u0111en v\u1edbi c\u00e1c \u0111\u01b0\u1eddng v\u00e2n tr\u1eafng m\u1edd,<\/span><span>bring beauty, elegance and sophistication.<\/span><span>Stones are often mined at the quarry in Brazil.<\/span><\/p>\n<figure id=\"attachment_1059\" aria-describedby=\"caption-attachment-1059\" style=\"width: 727px\" class=\"wp-caption alignnone\"><img decoding=\"async\" class=\"wp-image-1059 size-full\" src=\"http:\/\/royalstone.com.vn\/wp-content\/uploads\/2023\/12\/da-granite-blue-night.jpg\" alt=\"\u0110\u00e1 granite blue night\" width=\"727\" height=\"499\" title=\"\"><figcaption id=\"caption-attachment-1059\" class=\"wp-caption-text\"><b><a href=\"https:\/\/royalstone.com.vn\/en\/da-granite-trang-bieu-tuong-cua-ve-dep\/\">Granite<\/a><\/b> blue night<\/figcaption><\/figure>\n<h3 data-sourcepos=\"7:1-7:97\"><strong>\u0110\u00e1 Granite Blue Night c\u00f3 th\u1ec3 \u0111\u01b0\u1ee3c s\u1eed d\u1ee5ng cho m\u1ed9t s\u1ed1 h\u1ea1ng m\u1ee5c trong tr\u00ecnh x\u00e2y d\u1ef1ng,b\u1ea3o bao g\u1ed3m:<\/strong><\/h3>\n<ul data-sourcepos=\"9:1-12:0\">\n<li data-sourcepos=\"9:1-9:186\"><strong><span>Th\u1ea5t b\u1ea1i trong trang tr\u00ed:<\/span><\/strong><span><a href=\"http:\/\/royalstone.com.vn\/en\/da-granite\/\"><em><strong>Granite<\/strong><\/em><\/a> Blue Night c\u00f3 m\u00e0u s\u1eafc sang tr\u1ecdng v\u00e0 tinh t\u1ebf,<\/span><span>fit with many styles of interior design.<\/span><span>\u0110\u00e1 th\u01b0\u1eddng \u0111\u01b0\u1ee3c s\u1eed d\u1ee5ng \u0111\u1ec3 trang tr\u00ed b\u00e0i gi\u1ea3ng,<\/span><span>ceiling<\/span><span>column,...<\/span><\/li>\n<li data-sourcepos=\"10:1-10:176\"><strong><span>Trang tr\u00ed th\u1ea5t b\u1ea1i:<\/span><\/strong><span>\u0110\u00e1 Granite Blue Night c\u00f3 \u0111\u1ed9 b\u1ec1n cao,<\/span><span>\u0111\u1ea3m b\u1ea3o \u0111\u01b0\u1ee3c gi\u1ea3i quy\u1ebft d\u1ee9t \u0111i\u1ec3m,<\/span><span>ph\u00f9 h\u1ee3p \u0111\u1ec3 s\u1eed d\u1ee5ng cho c\u00e1c l\u0129nh v\u1ef1c ngo\u1ea1i l\u1ec7 nh\u01b0 m\u1eb7t ti\u1ec1n,<\/span><span>port,<\/span><span>fence,...<\/span><\/li>\n<li data-sourcepos=\"11:1-12:0\"><strong><span>S\u1eed d\u1ee5ng trong c\u1ed9ng \u0111\u1ed3ng c\u00e1c c\u00f4ng c\u1ee5:<\/span><\/strong><span class=\"animating\"><span>\u0110\u00e1 Granite Blue Night c\u00f3 gi\u00e1 th\u00e0nh h\u1ee3p l\u00fd,<\/span><\/span><span>thi c\u00f4ng d\u1ec5 d\u00e0ng,<\/span><span>ph\u00f9 h\u1ee3p \u0111\u1ec3 s\u1eed d\u1ee5ng trong c\u00e1c c\u00f4ng c\u1ee5 c\u1ed9ng \u0111\u1ed3ng nh\u01b0 tr\u01b0\u1eddng h\u1ecdc,<\/span><span>hospital,...<\/span><\/li>\n<\/ul>\n<h3 data-sourcepos=\"13:1-13:44\"><strong><span>\u01afu \u0111i\u1ec3m c\u1ee7a \u0110\u00e1 Granite Blue Night l\u00e0 g\u00ec?<\/span><\/strong><\/h3>\n<ul data-sourcepos=\"17:1-22:0\">\n<li data-sourcepos=\"17:1-17:150\"><strong><span>M\u00e0u xanh \u0111en sang tr\u1ecdng:<\/span><\/strong><span>\u0110\u00e1 Granite Blue Night c\u00f3 m\u00e0u xanh \u0111en sang tr\u1ecdng,<\/span><span>ph\u00f9 h\u1ee3p v\u1edbi nhi\u1ec1u c\u00e1ch thi\u1ebft k\u1ebf n\u1ed9i th\u1ea5t v\u00e0 ngo\u1ea1i th\u1ea5t th\u1ea5t b\u1ea1i.<\/span><\/li>\n<li data-sourcepos=\"18:1-18:126\"><strong><span>Durability:<\/span><\/strong><span>\u0110\u00e1 Granite Blue Night c\u00f3 \u0111\u1ed9 b\u1ec1n cao,<\/span><span>\u0111\u1ea3m b\u1ea3o \u0111\u01b0\u1ee3c gi\u1ea3i quy\u1ebft d\u1ee9t \u0111i\u1ec3m,<\/span><span>kh\u00f4ng b\u1ecb h\u01b0 h\u1ecfng trong qu\u00e1 tr\u00ecnh s\u1eed d\u1ee5ng.<\/span><\/li>\n<li data-sourcepos=\"19:1-19:147\"><strong><span>The ability to recover well:<\/span><\/strong><span>\u0110\u00e1 Granite Blue Night c\u00f3 kh\u1ea3 n\u0103ng s\u1ed1ng t\u1ed1t,<\/span><span>kh\u00f4ng c\u00f3 n\u01b0\u1edbc,<\/span><span>kem d\u01b0\u1ee1ng,<\/span><span>ph\u00f9 h\u1ee3p v\u1edbi c\u1ea3 n\u1ed9i dung v\u00e0 ngo\u1ea1i l\u1ec7.<\/span><\/li>\n<li data-sourcepos=\"20:1-20:98\"><strong><span>C\u00f4ng vi\u1ec7c n\u00e0y d\u1ec5 d\u00e0ng:<\/span><\/strong><span>\u0110\u00e1 Granite Blue Night c\u00f3 th\u1ec3 \u0111\u01b0\u1ee3c thi c\u00f4ng d\u1ec5 d\u00e0ng,<\/span><span>kh\u00f4ng y\u00eau c\u1ea7u k\u1ef9 thu\u1eadt cao.<\/span><\/li>\n<li data-sourcepos=\"21:1-22:0\"><strong><span>Reasonable price:<\/span><\/strong><span>\u0110\u00e1 Granite Blue Night c\u00f3 gi\u00e1 th\u00e0nh h\u1ee3p l\u00fd,<\/span><span>ph\u00f9 h\u1ee3p v\u1edbi nhi\u1ec1u kh\u00e1ch h\u00e0ng \u0111\u1ed1i t\u01b0\u1ee3ng.<\/span><\/li>\n<\/ul>\n<h3 data-sourcepos=\"23:1-23:65\"><strong><span>Nh\u1eefng \u0111i\u1ec1u l\u01b0u \u00fd khi s\u1eed d\u1ee5ng lo\u1ea1i \u0110\u00e1 Granite Blue Night<\/span><\/strong><\/h3>\n<ul data-sourcepos=\"27:1-30:0\">\n<li data-sourcepos=\"27:1-27:158\"><strong><span>Avoid activities:<\/span><\/strong><span>\u0110\u00e1 Granite Blue Night c\u00f3 \u0111\u1ed9 c\u1ee9ng cao,<\/span><span>Nh\u01b0ng c\u0169ng c\u00f3 th\u1ec3 b\u1ecb ph\u00e1 v\u1ee1 n\u1ebfu c\u00f3 ho\u1ea1t \u0111\u1ed9ng m\u1ea1nh m\u1ebd.<\/span><span>L\u00e0m \u0111i\u1ec1u \u0111\u00f3,<\/span><span>c\u1ea7n tr\u00e1nh ho\u1ea1t \u0111\u1ed9ng t\u0103ng c\u01b0\u1eddng b\u1ec1 m\u1eb7t \u0111\u00e1.<\/span><\/li>\n<li data-sourcepos=\"28:1-28:179\"><strong><span>Avoid contact with the chemical:<\/span><\/strong><span>\u0110\u00e1 Granite Blue Night c\u00f3 th\u1ec3 b\u1ecb \u0103n m\u00f2n b\u1edfi c\u00e1c ch\u1ea5t h\u00f3a ch\u1ea5t,<\/span><span>c\u1ea1n ki\u1ec7t nh\u01b0 axit,<\/span><span>base...<\/span><span>L\u00e0m \u0111i\u1ec1u \u0111\u00f3,<\/span><span>need avoid to exposure to the chemical substance this.<\/span><\/li>\n<li data-sourcepos=\"29:1-30:0\"><strong><span>Regular cleaning:<\/span><\/strong><span>\u0110\u00e1 Granite Blue Night c\u00f3 b\u1ec1 m\u1eb7t m\u1ecbn b\u00f3ng,<\/span><span>easy toilet.<\/span><span>However,<\/span><span>c\u00e1c b\u1ea1n c\u0169ng c\u1ea7n l\u01b0u \u00fd v\u1ec7 sinh \u0111\u00e1 th\u01b0\u1eddng xuy\u00ean \u0111\u1ec3 tr\u00e1nh t\u00edch t\u1ee5 b\u1ee5i b\u1ea9n,<\/span><span>influence the aesthetics of the stone.<\/span><\/li>\n<li data-sourcepos=\"35:1-35:135\">When using decorative stone interior, it is necessary to note the contrast of stone with the other items in the room to create harmony in harmony.<\/li>\n<li data-sourcepos=\"36:1-36:110\">When using decorative stone exterior, need to pay attention to the weather factors to protect the stone from being damaged.<\/li>\n<li data-sourcepos=\"37:1-38:0\">When securing a birth stone, need to use detergents dedicated to natural stone, to avoid damaging the stone.<\/li>\n<\/ul>\n<h2 data-sourcepos=\"40:1-40:42\"><strong>\u0110\u1ecba ch\u1ec9 mua \u0110\u00e1 Granite Blue Night uy t\u00edn<\/strong><\/h2>\n<p data-sourcepos=\"42:1-42:260\"><em><strong>Royal Stone \u2013 natural Stone premium<\/strong><\/em> l\u00e0 \u0111\u1ecba ch\u1ec9 uy t\u00edn chuy\u00ean cung c\u1ea5p c\u00e1c lo\u1ea1i \u0111\u00e1 t\u1ef1 nhi\u00ean cao c\u1ea5p, bao g\u1ed3m c\u1ea3 \u0110\u00e1 Granite Blue Night. V\u1edbi nhi\u1ec1u n\u0103m kinh nghi\u1ec7m trong l\u0129nh v\u1ef1c \u0111\u00e1 \u1ed1p l\u00e1t, ch\u00fang t\u00f4i cam k\u1ebft mang \u0111\u1ebfn cho kh\u00e1ch h\u00e0ng nh\u1eefng s\u1ea3n ph\u1ea9m ch\u1ea5t l\u01b0\u1ee3ng t\u1ed1t nh\u1ea5t v\u1edbi gi\u00e1 c\u1ea3 h\u1ee3p l\u00fd.<\/p>\n<p data-sourcepos=\"46:1-46:199\">\u0110\u00e1 Granite Blue Night l\u00e0 lo\u1ea1i \u0111\u00e1 t\u1ef1 nhi\u00ean c\u00f3 nhi\u1ec1u \u01b0u \u0111i\u1ec3m v\u01b0\u1ee3t tr\u1ed9i, ph\u00f9 h\u1ee3p v\u1edbi nhi\u1ec1u \u1ee9ng d\u1ee5ng kh\u00e1c nhau. V\u1edbi v\u1ebb \u0111\u1eb9p sang tr\u1ecdng v\u00e0 tinh t\u1ebf. \u0110\u00e1 Granite Blue Night mang \u0111\u1ebfn s\u1ef1 ho\u00e0n h\u1ea3o cho m\u1ecdi kh\u00f4ng gian s\u1ed1ng.<\/p>\n<h3><strong>Contact information Royal Stone \u2013 natural Stone premium<\/strong><\/h3>\n<p><strong>COMPANY LIMITED ROYAL STONE<\/strong><\/p>\n<p>\u260e Hotline: 0963 689 531<\/p>\n<p>\ud83c\udfe0 Office : 283 Tay Mo Ward, Dai Mo ward, Nam tu Liem district, Ha Noi City.<\/p>\n<p>\ud83c\udfe0 Factory: the 10 Yen The town, Luc Yen district, Yen Bai province<\/p>\n<p>\ud83c\udfe0 Warehouse Ha Noi: Lane 24, Dai Mo, tu Liem, Ha Noi (falling edge 4 Van Phuc, Ha Dong)<\/p>\n<p>\ud83c\udf10 Website:\u00a0<a href=\"https:\/\/royalstone.com.vn\/en\/\">www.royalstone.com.vn<\/a><\/p>\n<h3 class=\"ftwp-heading\"><strong>Connect with Royal Stone<\/strong><\/h3>\n<div class=\"textwidget custom-html-widget\">\n<div class=\"textwidget custom-html-widget\">\n<div><a href=\"https:\/\/www.youtube.com\/@royalstone-datunhiencaocap\" target=\"_blank\" rel=\"noopener nofollow\"><img decoding=\"async\" class=\"entered lazyloaded\" title=\"ROYAL STONE - natural Stone premium\" src=\"http:\/\/royalstone.com.vn\/wp-content\/uploads\/2023\/11\/youtube-royalstone.jpg\" alt=\"ROYAL STONE - natural Stone premium\" width=\"30\" height=\"30\" data-lazy-src=\"http:\/\/royalstone.com.vn\/wp-content\/uploads\/2023\/11\/youtube-royalstone.jpg\" data-ll-status=\"loaded\" data-lazy-=\"\" \/><\/a><a href=\"https:\/\/www.facebook.com\/RoyalstoneDaTuNhienCaoCap\" target=\"_blank\" rel=\"noopener nofollow\"><img decoding=\"async\" class=\"entered lazyloaded\" title=\"ROYAL STONE - natural Stone premium\" src=\"http:\/\/royalstone.com.vn\/wp-content\/uploads\/2023\/11\/facebook-royalstone.jpg\" alt=\"ROYAL STONE - natural Stone premium\" width=\"30\" height=\"30\" data-lazy-src=\"http:\/\/royalstone.com.vn\/wp-content\/uploads\/2023\/11\/facebook-royalstone.jpg\" data-ll-status=\"loaded\" data-lazy-=\"\" \/><\/a><a href=\"https:\/\/twitter.com\/royalstonedatn\" target=\"_blank\" rel=\"noopener nofollow\"><img decoding=\"async\" class=\"entered lazyloaded\" title=\"ROYAL STONE - natural Stone premium\" src=\"http:\/\/royalstone.com.vn\/wp-content\/uploads\/2023\/11\/twitter-royalstone.jpg\" alt=\"ROYAL STONE - natural Stone premium\" width=\"30\" height=\"30\" data-lazy-src=\"http:\/\/royalstone.com.vn\/wp-content\/uploads\/2023\/11\/twitter-royalstone.jpg\" data-ll-status=\"loaded\" data-lazy-=\"\" \/><\/a><a href=\"https:\/\/www.pinterest.com\/royalstonedatunhiencaocap\/\" target=\"_blank\" rel=\"noopener nofollow\"><img decoding=\"async\" class=\"entered lazyloaded\" title=\"ROYAL STONE - natural Stone premium\" src=\"http:\/\/royalstone.com.vn\/wp-content\/uploads\/2023\/11\/printerest-royalstone.jpg\" alt=\"ROYAL STONE - natural Stone premium\" width=\"30\" height=\"30\" data-lazy-src=\"http:\/\/royalstone.com.vn\/wp-content\/uploads\/2023\/11\/printerest-royalstone.jpg\" data-ll-status=\"loaded\" data-lazy-=\"\" \/><\/a><a href=\"https:\/\/www.linkedin.com\/in\/royalstone-datunhien\/\" target=\"_blank\" rel=\"noopener nofollow\"><img decoding=\"async\" class=\"entered lazyloaded\" title=\"ROYAL STONE - natural Stone premium\" src=\"http:\/\/royalstone.com.vn\/wp-content\/uploads\/2023\/11\/linkedin-royalstone.jpg\" alt=\"ROYAL STONE - natural Stone premium\" width=\"30\" height=\"30\" data-lazy-src=\"http:\/\/royalstone.com.vn\/wp-content\/uploads\/2023\/11\/linkedin-royalstone.jpg\" data-ll-status=\"loaded\" data-lazy-=\"\" \/><\/a><\/div>\n<\/div>\n<\/div>","protected":false},"excerpt":{"rendered":"<ul class=\"l pr-des-featured\">\n<li>PRODUCT CODE: RSGNB2023<\/li>\n<li>Place of origin: Brazil<\/li>\n<li>Color: Black<\/li>\n<li>Type of stone: Granite<\/li>\n<li>Size: large<\/li>\n<li>Thickness: 2.0 cm<\/li>\n<\/ul>","protected":false},"featured_media":1059,"comment_status":"closed","ping_status":"closed","template":"","meta":{"inline_featured_image":false},"product_cat":[23,26],"product_tag":[],"class_list":{"0":"post-1058","1":"product","2":"type-product","3":"status-publish","4":"has-post-thumbnail","6":"product_cat-da-granite","7":"product_cat-da-granite-den","9":"first","10":"instock","11":"shipping-taxable","12":"product-type-simple"},"_links":{"self":[{"href":"https:\/\/royalstone.com.vn\/en\/wp-json\/wp\/v2\/product\/1058","targetHints":{"allow":["GET"]}}],"collection":[{"href":"https:\/\/royalstone.com.vn\/en\/wp-json\/wp\/v2\/product"}],"about":[{"href":"https:\/\/royalstone.com.vn\/en\/wp-json\/wp\/v2\/types\/product"}],"replies":[{"embeddable":true,"href":"https:\/\/royalstone.com.vn\/en\/wp-json\/wp\/v2\/comments?post=1058"}],"wp:featuredmedia":[{"embeddable":true,"href":"https:\/\/royalstone.com.vn\/en\/wp-json\/wp\/v2\/media\/1059"}],"wp:attachment":[{"href":"https:\/\/royalstone.com.vn\/en\/wp-json\/wp\/v2\/media?parent=1058"}],"wp:term":[{"taxonomy":"product_cat","embeddable":true,"href":"https:\/\/royalstone.com.vn\/en\/wp-json\/wp\/v2\/product_cat?post=1058"},{"taxonomy":"product_tag","embeddable":true,"href":"https:\/\/royalstone.com.vn\/en\/wp-json\/wp\/v2\/product_tag?post=1058"}],"curies":[{"name":"wp","href":"https:\/\/api.w.org\/{rel}","templated":true}]}}