{"id":1627,"date":"2024-01-05T08:35:06","date_gmt":"2024-01-05T01:35:06","guid":{"rendered":"http:\/\/royalstone.com.vn\/?page_id=1627"},"modified":"2024-01-05T09:07:26","modified_gmt":"2024-01-05T02:07:26","slug":"tu-van-thiet-ke-cong-trinh-da-tu-nhien","status":"publish","type":"page","link":"https:\/\/royalstone.com.vn\/en\/tu-van-thiet-ke-cong-trinh-da-tu-nhien\/","title":{"rendered":"T\u01b0 v\u1ea5n thi\u1ebft k\u1ebf c\u00f4ng tr\u00ecnh \u0111\u00e1 t\u1ef1 nhi\u00ean"},"content":{"rendered":"<div class=\"container section-title-container\" ><h2 class=\"section-title section-title-center\"><b><\/b><span class=\"section-title-main\" >T\u01b0 v\u1ea5n thi\u1ebft k\u1ebf c\u00e1c h\u1ea1ng m\u1ee5c c\u00f4ng tr\u00ecnh \u0111\u00e1 t\u1ef1 nhi\u00ean<\/span><b><\/b><\/h2><\/div>\n\t<div id=\"text-11384670\" class=\"text\">\n\t\t\n<h3><strong>T\u01af V\u1ea4N THI\u1ebeT K\u1ebe \u0110\u00c1 T\u1ef0 NHI\u00caN &#8211; H\u00c0NH TR\u00ccNH BI\u1ebeN M\u01a0 \u01af\u1edaC NH\u00c0 \u0110\u1eb8P C\u1ee6A B\u1ea0N TH\u00c0NH HI\u1ec6N TH\u1ef0C !<\/strong><\/h3>\n\t\t\n<style>\n#text-11384670 {\n  text-align: right;\n}\n<\/style>\n\t<\/div>\n\t\n<div class=\"row\"  id=\"row-1213415545\">\n\n\t<div id=\"col-1307612354\" class=\"col medium-6 small-12 large-6\"  >\n\t\t\t\t<div class=\"col-inner\"  >\n\t\t\t\n\t\t\t\n<p>Ki\u1ebfn tr\u00fac v\u00e0 b\u00e0i tr\u00ed c\u1ee7a m\u1ed9t c\u00f4ng tr\u00ecnh kh\u00f4ng ch\u1ec9 l\u00e0 n\u01a1i \u1edf m\u00e0 c\u00f2n l\u00e0 bi\u1ec3u t\u01b0\u1ee3ng c\u1ee7a \u0111\u1eb3ng c\u1ea5p, \u0111\u1ecba v\u1ecb, v\u00e0 t\u00ednh c\u00e1ch c\u1ee7a ch\u1ee7 nh\u00e2n. Ch\u00ednh v\u00ec v\u1eady, qu\u00e1 tr\u00ecnh x\u00e2y d\u1ef1ng \u00fd t\u01b0\u1edfng, thi\u1ebft k\u1ebf, v\u00e0 tri\u1ec3n khai c\u00f4ng tr\u00ecnh \u0111\u00f2i h\u1ecfi s\u1ef1 c\u1ea9n tr\u1ecdng v\u00e0 t\u00e2m huy\u1ebft. \u0110\u1ec3 kh\u00e1m ph\u00e1 kh\u00f4ng gian \u0111\u1eb3ng c\u1ea5p v\u00e0 sang tr\u1ecdng, \u0111\u1ed9i ng\u0169 t\u01b0 v\u1ea5n thi\u1ebft k\u1ebf c\u1ee7a ch\u00fang t\u00f4i l\u00e0 ng\u01b0\u1eddi b\u1ea1n \u0111\u1ed3ng h\u00e0nh \u0111\u00e1ng tin c\u1eady.<\/p>\n<h3>ROYAL STONE L\u00c0 \u0110\u1ed0I T\u00c1C L\u00dd T\u01af\u1edeNG<\/h3>\n<p>Royal Stone, v\u1edbi h\u01a1n 10 n\u0103m kinh nghi\u1ec7m trong l\u0129nh v\u1ef1c s\u1ea3n xu\u1ea5t v\u00e0 th\u01b0\u01a1ng m\u1ea1i \u0111\u00e1 \u1ed1p l\u00e1t, l\u00e0 \u0111\u1ed1i t\u00e1c l\u00fd t\u01b0\u1edfng cho m\u1ecdi d\u1ef1 \u00e1n. H\u1ec7 th\u1ed1ng kho b\u00e3i v\u00e0 x\u01b0\u1edfng gia c\u00f4ng r\u1ed9ng l\u1edbn tr\u1ea3i kh\u1eafp c\u1ea3 n\u01b0\u1edbc, c\u00f9ng v\u1edbi h\u00e0ng ng\u00e0n m\u1eabu \u0111\u00e1 \u0111a d\u1ea1ng v\u1ec1 k\u00edch th\u01b0\u1edbc v\u00e0 m\u00e0u s\u1eafc, t\u1ea1o n\u00ean n\u1ec1n t\u1ea3ng v\u1eefng m\u1ea1nh cho vi\u1ec7c t\u01b0 v\u1ea5n v\u00e0 thi\u1ebft k\u1ebf c\u00f4ng tr\u00ecnh c\u1ee7a b\u1ea1n.<\/p>\n<h3>S\u1ee8 M\u1ec6NH V\u00c0 T\u1ea6M V\u00d3C<\/h3>\n<p>Royal Stone kh\u00f4ng ch\u1ec9 l\u00e0 m\u1ed9t c\u00f4ng ty v\u1ec1 \u0111\u00e1 t\u1ef1 nhi\u00ean, m\u00e0 c\u00f2n l\u00e0 m\u1ed9t \u0111\u1ed9i ng\u0169 k\u1ef9 s\u01b0 chuy\u00ean nghi\u1ec7p v\u1edbi h\u01a1n 100 th\u00e0nh vi\u00ean, s\u1edf h\u1eefu nhi\u1ec1u n\u0103m kinh nghi\u1ec7m v\u00e0 b\u1eb1ng c\u1ea5p cao t\u1eeb c\u00e1c tr\u01b0\u1eddng \u0111\u1ea1i h\u1ecdc h\u00e0ng \u0111\u1ea7u. Ch\u00fang t\u00f4i \u0111\u00e3 th\u00e0nh c\u00f4ng trong vi\u1ec7c tri\u1ec3n khai h\u00e0ng tr\u0103m c\u00f4ng tr\u00ecnh l\u1edbn nh\u1ecf, t\u1eeb bi\u1ec7t th\u1ef1, kh\u00e1ch s\u1ea1n, l\u00e2u \u0111\u00e0i \u0111\u1ebfn chung c\u01b0 l\u1edbn tr\u00ean kh\u1eafp c\u1ea3 n\u01b0\u1edbc.<\/p>\n<h3>T\u01af V\u1ea4N CHUY\u00caN S\u00c2U &#8211; B\u00cd M\u1eacT T\u1ea0O N\u00caN S\u1ef0 KH\u00c1C BI\u1ec6T<\/h3>\n<p>T\u01b0 v\u1ea5n c\u1ee7a ch\u00fang t\u00f4i kh\u00f4ng ch\u1ec9 d\u1eebng l\u1ea1i \u1edf vi\u1ec7c gi\u1edbi thi\u1ec7u nguy\u00ean li\u1ec7u v\u00e0 tri\u1ec3n khai c\u00f4ng tr\u00ecnh. Ch\u00fang t\u00f4i hi\u1ec3u r\u1eb1ng, \u0111\u1ec3 t\u1ea1o n\u00ean m\u1ed9t c\u00f4ng tr\u00ecnh xu\u1ea5t s\u1eafc, c\u1ea7n ph\u1ea3i \u0111\u01b0a ra nh\u1eefng l\u1ef1a ch\u1ecdn t\u1ed1t nh\u1ea5t, ph\u00f9 h\u1ee3p v\u1edbi mong mu\u1ed1n v\u00e0 ph\u00f9 h\u1ee3p v\u1edbi phong c\u00e1ch c\u1ee7a t\u1eebng gia ch\u1ee7. \u0110\u1ed9i ng\u0169 t\u01b0 v\u1ea5n c\u1ee7a ch\u00fang t\u00f4i s\u1ebd \u0111\u1ea3m b\u1ea3o r\u1eb1ng m\u1ecdi chi ti\u1ebft, t\u1eeb m\u00e0u s\u1eafc, ki\u1ec3u v\u00e2n, \u0111\u1ebfn ch\u1ea5t li\u1ec7u v\u00e0 chi ph\u00ed, \u0111\u1ec1u \u0111\u01b0\u1ee3c xem x\u00e9t k\u1ef9 l\u01b0\u1ee1ng.<\/p>\n<h3>THI\u1ebeT K\u1ebe &amp; THI C\u00d4NG &#8211; S\u1ef0 HO\u00c0N H\u1ea2O T\u1eea \u0110\u1ea6U \u0110\u1ebeN CU\u1ed0I<\/h3>\n<p>Royal Stone t\u1ef1 h\u00e0o v\u1edbi h\u00e0ng ng\u00e0n h\u1ea1ng m\u1ee5c \u0111\u00e3 \u0111\u01b0\u1ee3c tri\u1ec3n khai th\u00e0nh c\u00f4ng, t\u1eeb b\u00e0n b\u1ebfp, c\u1ea7u thang, \u1ed1p t\u01b0\u1eddng trang tr\u00ed \u0111\u1ebfn tranh t\u1ef1 nhi\u00ean v\u00e0 <b><a href=\"https:\/\/royalstone.com.vn\/en\/lavabo-rua-mat-bang-da-ua-chuong-nhat-hien-nay\/\">lavabo<\/a><\/b>. M\u1ed7i c\u00f4ng tr\u00ecnh \u0111\u1ec1u \u0111\u01b0\u1ee3c thi\u1ebft k\u1ebf v\u1edbi s\u1ef1 h\u00e0i h\u00f2a, ph\u00f9 h\u1ee3p v\u1edbi phong c\u00e1ch ki\u1ebfn tr\u00fac v\u00e0 \u0111\u1eb7c bi\u1ec7t l\u00e0 \u0111\u1ed9c \u0111\u00e1o theo y\u00eau c\u1ea7u ri\u00eang c\u1ee7a kh\u00e1ch h\u00e0ng.<\/p>\n<h3>B\u1ea2O H\u00c0NH TR\u1eccN \u0110\u1edcI &#8211; S\u1ef0 AN T\u00c2M TUY\u1ec6T \u0110\u1ed0I<\/h3>\n<p>Khi c\u00f4ng tr\u00ecnh ho\u00e0n thi\u1ec7n, ch\u00fang t\u00f4i kh\u00f4ng ch\u1ec9 d\u1eebng l\u1ea1i \u1edf \u0111\u00f3. Royal Stone cam k\u1ebft b\u1ea3o h\u00e0nh tr\u1ecdn \u0111\u1eddi, mang l\u1ea1i s\u1ef1 an t\u00e2m tuy\u1ec7t \u0111\u1ed1i cho kh\u00e1ch h\u00e0ng. Ch\u00fang t\u00f4i s\u1ebd nhanh ch\u00f3ng h\u1ed7 tr\u1ee3 n\u1ebfu c\u00f3 b\u1ea5t k\u1ef3 v\u1ea5n \u0111\u1ec1 n\u00e0o ph\u00e1t sinh trong qu\u00e1 tr\u00ecnh s\u1eed d\u1ee5ng.<\/p>\n\t\t<\/div>\n\t\t\t\t\t<\/div>\n\n\t\n\n\t<div id=\"col-448600989\" class=\"col medium-6 small-12 large-6\"  >\n\t\t\t\t<div class=\"col-inner\"  >\n\t\t\t\n\t\t\t\n\t<div class=\"img has-hover x md-x lg-x y md-y lg-y\" id=\"image_1782268541\">\n\t\t\t\t\t\t\t\t<div class=\"img-inner dark\" >\n\t\t\t<img decoding=\"async\" width=\"300\" height=\"226\" src=\"https:\/\/royalstone.com.vn\/wp-content\/uploads\/2024\/01\/tu-van-thiet-ke-da-tu-nhien-hinh-1-300x226.jpg\" class=\"attachment-medium size-medium\" alt=\"Tu-van-thiet-ke-da-tu-nhien-hinh-1\" srcset=\"https:\/\/royalstone.com.vn\/wp-content\/uploads\/2024\/01\/tu-van-thiet-ke-da-tu-nhien-hinh-1-300x226.jpg 300w, https:\/\/royalstone.com.vn\/wp-content\/uploads\/2024\/01\/tu-van-thiet-ke-da-tu-nhien-hinh-1-16x12.jpg 16w, https:\/\/royalstone.com.vn\/wp-content\/uploads\/2024\/01\/tu-van-thiet-ke-da-tu-nhien-hinh-1-600x452.jpg 600w, https:\/\/royalstone.com.vn\/wp-content\/uploads\/2024\/01\/tu-van-thiet-ke-da-tu-nhien-hinh-1.jpg 702w\" sizes=\"(max-width: 300px) 100vw, 300px\" title=\"\">\t\t\t\t\t\t\n\t\t\t\t\t<\/div>\n\t\t\t\t\t\t\t\t\n<style>\n#image_1782268541 {\n  width: 100%;\n}\n<\/style>\n\t<\/div>\n\t\n\t<div class=\"img has-hover x md-x lg-x y md-y lg-y\" id=\"image_34207102\">\n\t\t\t\t\t\t\t\t<div class=\"img-inner dark\" >\n\t\t\t<img decoding=\"async\" width=\"571\" height=\"400\" src=\"https:\/\/royalstone.com.vn\/wp-content\/uploads\/2024\/01\/tu-van-thiet-ke-da-tu-nhien-hinh-2.jpg\" class=\"attachment-large size-large\" alt=\"Tu-van-thiet-ke-da-tu-nhien-hinh-2\" srcset=\"https:\/\/royalstone.com.vn\/wp-content\/uploads\/2024\/01\/tu-van-thiet-ke-da-tu-nhien-hinh-2.jpg 571w, https:\/\/royalstone.com.vn\/wp-content\/uploads\/2024\/01\/tu-van-thiet-ke-da-tu-nhien-hinh-2-300x210.jpg 300w, https:\/\/royalstone.com.vn\/wp-content\/uploads\/2024\/01\/tu-van-thiet-ke-da-tu-nhien-hinh-2-18x12.jpg 18w\" sizes=\"(max-width: 571px) 100vw, 571px\" title=\"\">\t\t\t\t\t\t\n\t\t\t\t\t<\/div>\n\t\t\t\t\t\t\t\t\n<style>\n#image_34207102 {\n  width: 100%;\n}\n<\/style>\n\t<\/div>\n\t\n\t\t<\/div>\n\t\t\t\t\t<\/div>\n\n\t\n<\/div>\n\t<div id=\"text-3349027613\" class=\"text\">\n\t\t\n<h3><strong>L\u00dd DO H\u1ee2P T\u00c1C V\u1edaI ROYAL STONE L\u00c0 G\u00cc? V\u00cc SAO CH\u00daNG T\u00d4I L\u00c0 C\u00d4NG TY H\u00c0NG \u0110\u1ea6U T\u1ea0I VI\u1ec6T NAM?<\/strong><\/h3>\n\t\t\n<style>\n#text-3349027613 {\n  text-align: left;\n}\n<\/style>\n\t<\/div>\n\t\n<div class=\"row\"  id=\"row-61847120\">\n\n\t<div id=\"col-727659889\" class=\"col medium-6 small-12 large-6\"  >\n\t\t\t\t<div class=\"col-inner\"  >\n\t\t\t\n\t\t\t\n\t<div class=\"img has-hover x md-x lg-x y md-y lg-y\" id=\"image_42565612\">\n\t\t\t\t\t\t\t\t<div class=\"img-inner dark\" >\n\t\t\t<img decoding=\"async\" width=\"300\" height=\"162\" src=\"https:\/\/royalstone.com.vn\/wp-content\/uploads\/2024\/01\/tu-van-thiet-ke-da-tu-nhien-hinh-3-300x162.jpg\" class=\"attachment-medium size-medium\" alt=\"Tu-van-thiet-ke-da-tu-nhien-hinh-3\" srcset=\"https:\/\/royalstone.com.vn\/wp-content\/uploads\/2024\/01\/tu-van-thiet-ke-da-tu-nhien-hinh-3-300x162.jpg 300w, https:\/\/royalstone.com.vn\/wp-content\/uploads\/2024\/01\/tu-van-thiet-ke-da-tu-nhien-hinh-3-18x10.jpg 18w, https:\/\/royalstone.com.vn\/wp-content\/uploads\/2024\/01\/tu-van-thiet-ke-da-tu-nhien-hinh-3-600x324.jpg 600w, https:\/\/royalstone.com.vn\/wp-content\/uploads\/2024\/01\/tu-van-thiet-ke-da-tu-nhien-hinh-3.jpg 701w\" sizes=\"(max-width: 300px) 100vw, 300px\" title=\"\">\t\t\t\t\t\t\n\t\t\t\t\t<\/div>\n\t\t\t\t\t\t\t\t\n<style>\n#image_42565612 {\n  width: 100%;\n}\n<\/style>\n\t<\/div>\n\t\n\t<div class=\"img has-hover x md-x lg-x y md-y lg-y\" id=\"image_1395716212\">\n\t\t\t\t\t\t\t\t<div class=\"img-inner dark\" >\n\t\t\t<img decoding=\"async\" width=\"300\" height=\"222\" src=\"https:\/\/royalstone.com.vn\/wp-content\/uploads\/2024\/01\/tu-van-thiet-ke-da-tu-nhien-hinh-4-300x222.jpg\" class=\"attachment-medium size-medium\" alt=\"Tu-van-thiet-ke-da-tu-nhien-hinh-4\" srcset=\"https:\/\/royalstone.com.vn\/wp-content\/uploads\/2024\/01\/tu-van-thiet-ke-da-tu-nhien-hinh-4-300x222.jpg 300w, https:\/\/royalstone.com.vn\/wp-content\/uploads\/2024\/01\/tu-van-thiet-ke-da-tu-nhien-hinh-4-16x12.jpg 16w, https:\/\/royalstone.com.vn\/wp-content\/uploads\/2024\/01\/tu-van-thiet-ke-da-tu-nhien-hinh-4-600x444.jpg 600w, https:\/\/royalstone.com.vn\/wp-content\/uploads\/2024\/01\/tu-van-thiet-ke-da-tu-nhien-hinh-4.jpg 701w\" sizes=\"(max-width: 300px) 100vw, 300px\" title=\"\">\t\t\t\t\t\t\n\t\t\t\t\t<\/div>\n\t\t\t\t\t\t\t\t\n<style>\n#image_1395716212 {\n  width: 100%;\n}\n<\/style>\n\t<\/div>\n\t\n\t\t<\/div>\n\t\t\t\t\t<\/div>\n\n\t\n\n\t<div id=\"col-1154767494\" class=\"col medium-6 small-12 large-6\"  >\n\t\t\t\t<div class=\"col-inner\"  >\n\t\t\t\n\t\t\t\n<h4>TI\u1ebeT KI\u1ec6M CHI PH\u00cd<\/h4>\n<p>V\u1edbi \u0111\u1ed9i ng\u0169 thi c\u00f4ng chuy\u00ean nghi\u1ec7p v\u00e0 ngu\u1ed3n nguy\u00ean li\u1ec7u \u0111a d\u1ea1ng s\u1eb5n c\u00f3, ch\u00fang t\u00f4i gi\u00fap kh\u00e1ch h\u00e0ng ti\u1ebft ki\u1ec7m th\u1eddi gian v\u00e0 gi\u1ea3m chi ph\u00ed tri\u1ec3n khai, \u0111\u1ed3ng th\u1eddi gi\u1ea3m thi\u1ec3u c\u00e1c chi ph\u00ed kh\u00f4ng mong mu\u1ed1n.<\/p>\n<h4>THI\u1ebeT K\u1ebe TH\u00d4NG MINH<\/h4>\n<p>B\u1ed9 ph\u1eadn Thi c\u00f4ng c\u1ee7a ch\u00fang t\u00f4i \u0111\u1eb7c bi\u1ec7t c\u00f3 kh\u1ea3 n\u0103ng \u0111\u01b0a ra gi\u1ea3i ph\u00e1p th\u00f4ng minh v\u00e0 ch\u1ee7 \u0111\u1ed9ng \u0111\u1ed1i v\u1edbi m\u1ecdi th\u00e1ch th\u1ee9c, \u0111\u1ea3m b\u1ea3o s\u1ef1 h\u00e0i h\u00f2a v\u1edbi t\u00e0i ch\u00ednh v\u00e0 phong c\u00e1ch c\u1ee7a b\u1ea1n.<\/p>\n<h4>AN T\u00c2M TUY\u1ec6T \u0110\u1ed0I<\/h4>\n<p>L\u00e0m vi\u1ec7c v\u1edbi Royal Stone, b\u1ea1n \u0111\u1eb7t ni\u1ec1m tin v\u00e0o m\u1ed9t c\u00f4ng ty chuy\u00ean s\u00e2u v\u1ec1 \u0111\u00e1, \u0111\u01b0\u1ee3c t\u01b0 v\u1ea5n mi\u1ec5n ph\u00ed v\u00e0 ti\u1ebfp c\u1eadn nh\u1eefng m\u1eabu \u0111\u00e1 m\u1edbi nh\u1ea5t t\u1ea1i Vi\u1ec7t Nam v\u00e0 tr\u00ean th\u1ebf gi\u1edbi, c\u00f9ng v\u1edbi \u0111\u1ed9i ng\u0169 k\u1ef9 s\u01b0 v\u00e0 c\u00f4ng nh\u00e2n h\u00e0ng \u0111\u1ea7u trong ng\u00e0nh \u0111\u00e1<\/p>\n<h4>TI\u1ebeN \u0110\u1ed8 NHANH CH\u00d3NG<\/h4>\n<p>Ch\u00fang t\u00f4i t\u1ef1 tin r\u1eb1ng, v\u1edbi n\u0103ng l\u1ef1c c\u1ee7a m\u00ecnh, m\u1ecdi d\u1ef1 \u00e1n s\u1ebd di\u1ec5n ra nhanh ch\u00f3ng m\u00e0 v\u1eabn \u0111\u1ea3m b\u1ea3o ch\u1ea5t l\u01b0\u1ee3ng.<\/p>\n<h4>\u0110\u1eb2NG C\u1ea4P V\u00c0 CHUY\u00caN NGHI\u1ec6P<\/h4>\n<p>Royal Stone l\u00e0 \u0111\u1ed1i t\u00e1c \u0111\u00e1ng tin c\u1eady cho m\u1ecdi c\u00f4ng tr\u00ecnh, t\u1eeb nh\u1ecf \u0111\u1ebfn l\u1edbn, v\u1edbi \u0111\u1ed9i ng\u0169 nh\u00e2n s\u1ef1 h\u00e0ng \u0111\u1ea7u, kho nguy\u00ean li\u1ec7u l\u1edbn, v\u00e0 trang thi\u1ebft b\u1ecb hi\u1ec7n \u0111\u1ea1i.<\/p>\n<p>Bi\u1ebfn \u01b0\u1edbc m\u01a1 c\u1ee7a b\u1ea1n th\u00e0nh hi\u1ec7n th\u1ef1c v\u1edbi s\u1ef1 h\u1ed7 tr\u1ee3 chuy\u00ean nghi\u1ec7p t\u1eeb Royal Stone. H\u00e3y \u0111\u1ec3 ch\u00fang t\u00f4i ch\u0103m s\u00f3c m\u1ecdi chi ti\u1ebft, t\u1eeb thi\u1ebft k\u1ebf \u0111\u1ebfn thi c\u00f4ng, \u0111\u1ec3 t\u1ea1o n\u00ean kh\u00f4ng gian s\u1ed1ng l\u00fd t\u01b0\u1edfng v\u00e0 \u0111\u1eb3ng c\u1ea5p cho b\u1ea1n.<\/p>\n\t\t<\/div>\n\t\t\t\t\t<\/div>\n\n\t\n<\/div>\n\t<div id=\"text-1601182566\" class=\"text\">\n\t\t\n<h3><strong>COMPANY LIMITED ROYAL STONE<\/strong><\/h3>\n<p>\u260e Hotline: 0963 689 531 &#8211; Email: <a href=\"mailto:admin@royalstone.com.vn\">admin@royalstone.com.vn<\/a><\/p>\n<p>\ud83c\udfe0 Office : 283 Tay Mo Ward, Dai Mo ward, Nam tu Liem district, Ha Noi City.<\/p>\n<p>\ud83c\udfe0 Factory: the 10 Yen The town, Luc Yen district, Yen Bai province<\/p>\n<p>\ud83c\udfe0 Warehouse Ha Noi: Lane 24, Dai Mo, tu Liem, Ha Noi (falling edge 4 Van Phuc, Ha Dong)<\/p>\n<p>\ud83c\udf10 Website:\u00a0<a href=\"https:\/\/royalstone.com.vn\/en\/\">www.royalstone.com.vn<\/a><\/p>\n<h3 class=\"ftwp-heading\"><strong>Connect with Royal Stone<\/strong><\/h3>\n<div class=\"textwidget custom-html-widget\">\n<div class=\"textwidget custom-html-widget\">\n<div><a href=\"https:\/\/www.youtube.com\/@royalstone-datunhiencaocap\" target=\"_blank\" rel=\"noopener nofollow\"><img decoding=\"async\" class=\"entered lazyloaded\" title=\"ROYAL STONE - natural Stone premium\" src=\"http:\/\/royalstone.com.vn\/wp-content\/uploads\/2023\/11\/youtube-royalstone.jpg\" alt=\"ROYAL STONE - natural Stone premium\" width=\"30\" height=\"30\" data-lazy-src=\"http:\/\/royalstone.com.vn\/wp-content\/uploads\/2023\/11\/youtube-royalstone.jpg\" data-ll-status=\"loaded\" data-lazy-=\"\" \/><\/a><a href=\"https:\/\/www.facebook.com\/RoyalstoneDaTuNhienCaoCap\" target=\"_blank\" rel=\"noopener nofollow\"><img decoding=\"async\" class=\"entered lazyloaded\" title=\"ROYAL STONE - natural Stone premium\" src=\"http:\/\/royalstone.com.vn\/wp-content\/uploads\/2023\/11\/facebook-royalstone.jpg\" alt=\"ROYAL STONE - natural Stone premium\" width=\"30\" height=\"30\" data-lazy-src=\"http:\/\/royalstone.com.vn\/wp-content\/uploads\/2023\/11\/facebook-royalstone.jpg\" data-ll-status=\"loaded\" data-lazy-=\"\" \/><\/a><a href=\"https:\/\/twitter.com\/royalstonedatn\" target=\"_blank\" rel=\"noopener nofollow\"><img decoding=\"async\" class=\"entered lazyloaded\" title=\"ROYAL STONE - natural Stone premium\" src=\"http:\/\/royalstone.com.vn\/wp-content\/uploads\/2023\/11\/twitter-royalstone.jpg\" alt=\"ROYAL STONE - natural Stone premium\" width=\"30\" height=\"30\" data-lazy-src=\"http:\/\/royalstone.com.vn\/wp-content\/uploads\/2023\/11\/twitter-royalstone.jpg\" data-ll-status=\"loaded\" data-lazy-=\"\" \/><\/a><a href=\"https:\/\/www.pinterest.com\/royalstonedatunhiencaocap\/\" target=\"_blank\" rel=\"noopener nofollow\"><img decoding=\"async\" class=\"entered lazyloaded\" title=\"ROYAL STONE - natural Stone premium\" src=\"http:\/\/royalstone.com.vn\/wp-content\/uploads\/2023\/11\/printerest-royalstone.jpg\" alt=\"ROYAL STONE - natural Stone premium\" width=\"30\" height=\"30\" data-lazy-src=\"http:\/\/royalstone.com.vn\/wp-content\/uploads\/2023\/11\/printerest-royalstone.jpg\" data-ll-status=\"loaded\" data-lazy-=\"\" \/><\/a><a href=\"https:\/\/www.linkedin.com\/in\/royalstone-datunhien\/\" target=\"_blank\" rel=\"noopener nofollow\"><img decoding=\"async\" class=\"entered lazyloaded\" title=\"ROYAL STONE - natural Stone premium\" src=\"http:\/\/royalstone.com.vn\/wp-content\/uploads\/2023\/11\/linkedin-royalstone.jpg\" alt=\"ROYAL STONE - natural Stone premium\" width=\"30\" height=\"30\" data-lazy-src=\"http:\/\/royalstone.com.vn\/wp-content\/uploads\/2023\/11\/linkedin-royalstone.jpg\" data-ll-status=\"loaded\" data-lazy-=\"\" \/><\/a><\/div>\n<\/div>\n<\/div>\n\t\t\n<style>\n#text-1601182566 {\n  text-align: center;\n}\n<\/style>\n\t<\/div>","protected":false},"excerpt":{"rendered":"","protected":false},"author":1,"featured_media":1028,"parent":0,"menu_order":0,"comment_status":"closed","ping_status":"closed","template":"","meta":{"inline_featured_image":false,"footnotes":""},"class_list":["post-1627","page","type-page","status-publish","has-post-thumbnail","hentry"],"amp_enabled":true,"_links":{"self":[{"href":"https:\/\/royalstone.com.vn\/en\/wp-json\/wp\/v2\/pages\/1627","targetHints":{"allow":["GET"]}}],"collection":[{"href":"https:\/\/royalstone.com.vn\/en\/wp-json\/wp\/v2\/pages"}],"about":[{"href":"https:\/\/royalstone.com.vn\/en\/wp-json\/wp\/v2\/types\/page"}],"author":[{"embeddable":true,"href":"https:\/\/royalstone.com.vn\/en\/wp-json\/wp\/v2\/users\/1"}],"replies":[{"embeddable":true,"href":"https:\/\/royalstone.com.vn\/en\/wp-json\/wp\/v2\/comments?post=1627"}],"version-history":[{"count":0,"href":"https:\/\/royalstone.com.vn\/en\/wp-json\/wp\/v2\/pages\/1627\/revisions"}],"wp:featuredmedia":[{"embeddable":true,"href":"https:\/\/royalstone.com.vn\/en\/wp-json\/wp\/v2\/media\/1028"}],"wp:attachment":[{"href":"https:\/\/royalstone.com.vn\/en\/wp-json\/wp\/v2\/media?parent=1627"}],"curies":[{"name":"wp","href":"https:\/\/api.w.org\/{rel}","templated":true}]}}