{"id":1367,"date":"2023-12-25T08:23:43","date_gmt":"2023-12-25T08:23:43","guid":{"rendered":"http:\/\/royalstone.com.vn\/?page_id=1367"},"modified":"2025-02-18T17:50:52","modified_gmt":"2025-02-18T10:50:52","slug":"ve-chung-toi","status":"publish","type":"page","link":"https:\/\/royalstone.com.vn\/en\/ve-chung-toi\/","title":{"rendered":"About us"},"content":{"rendered":"<div id=\"text-770462611\" class=\"text\">\n\t\t\n<h1 data-sourcepos=\"7:1-7:100\">Ch\u00ednh th\u1ee9c c\u00f4ng b\u1ed1 h\u00ecnh th\u00e0nh m\u00f4 h\u00ecnh T\u1eadp \u0111o\u00e0n v\u1edbi 4 l\u0129nh v\u1ef1c ho\u1ea1t \u0111\u1ed9ng ch\u00ednh.<\/h1>\n<ol>\n<li data-sourcepos=\"7:1-7:100\">S\u00e0n g\u1ed7 c\u00f4ng nghi\u1ec7p <strong>(Full Life)<\/strong>.<\/li>\n<li data-sourcepos=\"7:1-7:100\">\u00a0\u0110\u00e1 t\u1ef1 nhi\u00ean v\u00e0 nh\u00e2n t\u1ea1o <strong>(Royal Stone, Th\u1ecbnh V\u01b0\u1ee3ng HD)<\/strong>.<\/li>\n<li data-sourcepos=\"7:1-7:100\"><span style=\"color: #555555;\">X\u00e2y d\u1ef1ng v\u00e0 thi c\u00f4ng n\u1ed9i th\u1ea5t tr\u1ecdn g\u00f3i <strong>(Fuhocons)<\/strong><\/span><\/li>\n<li data-sourcepos=\"7:1-7:100\"><span style=\"color: #555555;\">\u0110\u1ea7u T\u01b0 b\u1ea5t \u0111\u1ed9ng s\u1ea3n v\u00e0 mua b\u00e1n s\u00e1t nh\u1eadp doanh nghi\u1ec7p.<\/span><\/li>\n<\/ol>\n<h2><strong>H\u1ec7 sinh th\u00e1i \u0111\u00e1 t\u1ef1 nhi\u00ean v\u00e0 \u0111\u00e1 nh\u00e2n t\u1ea1o (Royal stone)<\/strong><\/h2>\n<ul data-sourcepos=\"9:1-13:0\">\n<li><strong>Royal Stone:<\/strong> S\u1edf h\u1eefu nh\u00e0 m\u00e1y\u00a0<span class=\"citation-0\">s\u1ea3n xu\u1ea5t \u0111\u00e1 t\u1ef1 nhi\u00ean t\u1ea1i Y\u00ean B\u00e1i v\u1edbi quy m\u00f4 h\u01a1n 10.000 m2 \u0111\u1ecbnh h\u01b0\u1edbng xu\u1ea5t kh\u1ea9u s\u1ea3n ph\u1ea9m \u0111\u00e1 m\u1ef9 ngh\u1ec7, \u0111\u00e1 t\u1ea5m, \u0111\u00e1 kh\u1ed1i.<\/span><\/li>\n<li><strong>Th\u1ecbnh V\u01b0\u1ee3ng HD:<\/strong> L\u00e0 nh\u00e0n ph\u00e2n ph\u1ed1i \u0111\u00e1 t\u1ef1 nhi\u00ean trong n\u01b0\u1edbc t\u1ea1i H\u00e0 N\u1ed9i v\u00e0 c\u00e1c khu v\u1ef1c l\u00e2n c\u1eadn.<\/li>\n<li><strong style=\"font-size: 23.04px;\">\u1ee8ng d\u1ee5ng \u0111\u00e1 t\u1ef1 nhi\u00ean v\u00e0 <b><a href=\"https:\/\/royalstone.com.vn\/en\/da-nung-ket-ve-dep-hoan-hao-cho-khong-gian\/\">\u0111\u00e1 nh\u00e2n t\u1ea1o<\/a><\/b>:<\/strong>\n<ul data-sourcepos=\"28:1-31:0\">\n<li data-sourcepos=\"28:1-28:141\"><strong>Flooring:<\/strong>\u00a0\u0110\u00e1 t\u1ef1 nhi\u00ean c\u00f3 \u0111\u1ed9 c\u1ee9ng cao, kh\u1ea3 n\u0103ng ch\u1ecbu l\u1ef1c t\u1ed1t, ch\u1ed1ng tr\u1ea7y x\u01b0\u1edbc, ch\u1ed1ng th\u1ea5m n\u01b0\u1edbc, ch\u1ed1ng b\u00e1m b\u1ea9n,&#8230; r\u1ea5t ph\u00f9 h\u1ee3p \u0111\u1ec3 l\u00e1t s\u00e0n.<\/li>\n<li data-sourcepos=\"29:1-29:124\"><strong>Wall cladding:<\/strong>\u00a0\u0110\u00e1 t\u1ef1 nhi\u00ean c\u00f3 nhi\u1ec1u m\u00e0u s\u1eafc, hoa v\u0103n \u0111a d\u1ea1ng, mang l\u1ea1i v\u1ebb \u0111\u1eb9p sang tr\u1ecdng, \u0111\u1eb3ng c\u1ea5p cho kh\u00f4ng gian n\u1ed9i th\u1ea5t.<\/li>\n<li data-sourcepos=\"30:1-31:0\"><strong>Decoration:<\/strong>\u00a0\u0110\u00e1 t\u1ef1 nhi\u00ean c\u00f3 th\u1ec3 \u0111\u01b0\u1ee3c s\u1eed d\u1ee5ng \u0111\u1ec3 trang tr\u00ed c\u00e1c c\u00f4ng tr\u00ecnh ki\u1ebfn tr\u00fac, s\u00e2n v\u01b0\u1eddn,&#8230;<\/li>\n<\/ul>\n<\/li>\n<\/ul>\n<h2 data-sourcepos=\"14:1-14:31\"><strong>L\u0129nh v\u1ef1c s\u00e0n g\u1ed7 c\u00f4ng nghi\u1ec7p (Full Life)<\/strong><\/h2>\n<p data-sourcepos=\"16:1-16:112\">Full Life l\u00e0 m\u1ed9t trong nh\u1eefng nh\u00e0 nh\u1eadp kh\u1ea9u v\u00e0 ph\u00e2n ph\u1ed1i s\u00e0n g\u1ed7 c\u00f4ng nghi\u1ec7p h\u00e0ng \u0111\u1ea7u Vi\u1ec7t Nam. S\u00e0n g\u1ed7 c\u00f4ng nghi\u1ec7p l\u00e0 m\u1ed9t trong nh\u1eefng v\u1eadt li\u1ec7u trang tr\u00ed n\u1ed9i th\u1ea5t ph\u1ed5 bi\u1ebfn nh\u1ea5t hi\u1ec7n nay, v\u1edbi nhi\u1ec1u \u01b0u \u0111i\u1ec3m nh\u01b0:<\/p>\n<ul data-sourcepos=\"18:1-21:0\">\n<li data-sourcepos=\"18:1-18:124\"><strong>Aesthetics:<\/strong>\u00a0S\u00e0n g\u1ed7 c\u00f4ng nghi\u1ec7p c\u00f3 nhi\u1ec1u m\u1eabu m\u00e3, m\u00e0u s\u1eafc \u0111a d\u1ea1ng, ph\u00f9 h\u1ee3p v\u1edbi nhi\u1ec1u phong c\u00e1ch thi\u1ebft k\u1ebf n\u1ed9i th\u1ea5t.<\/li>\n<li data-sourcepos=\"19:1-19:139\"><strong>Durability:<\/strong>\u00a0S\u00e0n g\u1ed7 c\u00f4ng nghi\u1ec7p \u0111\u01b0\u1ee3c l\u00e0m t\u1eeb v\u1eadt li\u1ec7u t\u1ed5ng h\u1ee3p, c\u00f3 kh\u1ea3 n\u0103ng ch\u1ecbu l\u1ef1c, ch\u1ecbu n\u01b0\u1edbc t\u1ed1t, ch\u1ed1ng tr\u1ea7y x\u01b0\u1edbc, ch\u1ed1ng m\u1ed1i m\u1ecdt,&#8230;<\/li>\n<li data-sourcepos=\"20:1-21:0\"><strong>Easy cleaning:<\/strong> S\u00e0n g\u1ed7 c\u00f4ng nghi\u1ec7p c\u00f3 b\u1ec1 m\u1eb7t nh\u1eb5n b\u00f3ng, d\u1ec5 d\u00e0ng lau ch\u00f9i, v\u1ec7 sinh..<\/li>\n<\/ul>\n<h2 data-sourcepos=\"40:1-40:43\"><strong>L\u0129nh v\u1ef1c x\u00e2y d\u1ef1ng v\u00e0 thi c\u00f4ng n\u1ed9i th\u1ea5t tr\u1ecdn g\u00f3i (Fuhocons)<\/strong><\/h2>\n<p data-sourcepos=\"42:1-42:251\">Fuhocons l\u00e0 m\u1ed9t c\u00f4ng ty x\u00e2y d\u1ef1ng uy t\u00edn h\u00e0ng \u0111\u1ea7u Vi\u1ec7t Nam, v\u1edbi h\u01a1n 10 n\u0103m kinh nghi\u1ec7m ho\u1ea1t \u0111\u1ed9ng. Fuhocons \u0111\u00e3 thi c\u00f4ng th\u00e0nh c\u00f4ng h\u00e0ng ngh\u00ecn c\u00f4ng tr\u00ecnh l\u1edbn nh\u1ecf tr\u00ean kh\u1eafp c\u1ea3 n\u01b0\u1edbc, bao g\u1ed3m c\u00e1c c\u00f4ng tr\u00ecnh nh\u00e0 \u1edf d\u00e2n d\u1ee5ng, chung c\u01b0, kh\u00e1ch s\u1ea1n, v\u0103n ph\u00f2ng,&#8230;<\/p>\n\t\t\n<style>\n#text-770462611 {\n  font-size: 1.25rem;\n  line-height: 1.8;\n  text-align: center;\n}\n<\/style>\n\t<\/div>","protected":false},"excerpt":{"rendered":"","protected":false},"author":1,"featured_media":0,"parent":0,"menu_order":0,"comment_status":"closed","ping_status":"closed","template":"page-blank.php","meta":{"inline_featured_image":false,"footnotes":""},"class_list":["post-1367","page","type-page","status-publish","hentry"],"amp_enabled":false,"_links":{"self":[{"href":"https:\/\/royalstone.com.vn\/en\/wp-json\/wp\/v2\/pages\/1367","targetHints":{"allow":["GET"]}}],"collection":[{"href":"https:\/\/royalstone.com.vn\/en\/wp-json\/wp\/v2\/pages"}],"about":[{"href":"https:\/\/royalstone.com.vn\/en\/wp-json\/wp\/v2\/types\/page"}],"author":[{"embeddable":true,"href":"https:\/\/royalstone.com.vn\/en\/wp-json\/wp\/v2\/users\/1"}],"replies":[{"embeddable":true,"href":"https:\/\/royalstone.com.vn\/en\/wp-json\/wp\/v2\/comments?post=1367"}],"version-history":[{"count":0,"href":"https:\/\/royalstone.com.vn\/en\/wp-json\/wp\/v2\/pages\/1367\/revisions"}],"wp:attachment":[{"href":"https:\/\/royalstone.com.vn\/en\/wp-json\/wp\/v2\/media?parent=1367"}],"curies":[{"name":"wp","href":"https:\/\/api.w.org\/{rel}","templated":true}]}}