{"id":1229,"date":"2023-12-12T03:38:34","date_gmt":"2023-12-12T03:38:34","guid":{"rendered":"http:\/\/royalstone.com.vn\/?page_id=1229"},"modified":"2023-12-12T04:11:24","modified_gmt":"2023-12-12T04:11:24","slug":"lien-he","status":"publish","type":"page","link":"https:\/\/royalstone.com.vn\/en\/lien-he\/","title":{"rendered":"Li\u00ean h\u1ec7"},"content":{"rendered":"<h2 style=\"text-align: center;\"><strong>Li\u00ean h\u1ec7 v\u1edbi ch\u00fang t\u00f4i<\/strong><\/h2>\n<ul>\n<li>Company limited ROYAL STONE<\/li>\n<li>MST: 0108103868 &#8211; T\u1ea1i S\u1edf KH v\u00e0 \u0110T TP H\u00e0 N\u1ed9i<\/li>\n<li>Address: 283 Tay Mo Ward, Dai Mo ward, Nam tu Liem district, Ha Noi City.<\/li>\n<li>Hotline: 0963 689 531<\/li>\n<li>Email: admin@royalstone.com.vn<\/li>\n<\/ul>\n<p><img decoding=\"async\" class=\"wp-image-228 size-medium aligncenter\" title=\"Li\u00ean h\u1ec7 royalstone\" src=\"http:\/\/royalstone.com.vn\/wp-content\/uploads\/2023\/11\/512x512-300x300.jpg\" alt=\"Li\u00ean h\u1ec7 royalstone\" width=\"300\" height=\"300\" srcset=\"https:\/\/royalstone.com.vn\/wp-content\/uploads\/2023\/11\/512x512-300x300.jpg 300w, https:\/\/royalstone.com.vn\/wp-content\/uploads\/2023\/11\/512x512-150x150.jpg 150w, https:\/\/royalstone.com.vn\/wp-content\/uploads\/2023\/11\/512x512-100x100.jpg 100w, https:\/\/royalstone.com.vn\/wp-content\/uploads\/2023\/11\/512x512.jpg 512w\" sizes=\"(max-width: 300px) 100vw, 300px\" \/><\/p>\n<h3 style=\"text-align: center;\"><strong>Ch\u1ec9 \u0111\u01b0\u1eddng \u0111\u1ebfn v\u1edbi Royal Stone &#8211; T\u1ed5ng kho \u0111\u00e1 \u1ed1p l\u00e1t t\u1ef1 nhi\u00ean l\u1edbn nh\u1ea5t Vi\u1ec7t Nam<\/strong><\/h3>\n<h2 style=\"text-align: center;\"><iframe style=\"border: 0;\" src=\"https:\/\/storage.googleapis.com\/maps-solutions-t8u4zhmzun\/locator-plus\/9z6o\/locator-plus.html\" width=\"100%\" height=\"100%\"><br \/>\n<\/iframe><\/h2>","protected":false},"excerpt":{"rendered":"<p>Li\u00ean h\u1ec7 v\u1edbi ch\u00fang t\u00f4i C\u00f4ng ty C\u1ed5 ph\u1ea7n Xu\u1ea5t Nh\u1eadp Kh\u1ea9u ROYAL STONE MST: 0108103868 &#8211; T\u1ea1i S\u1edf KH v\u00e0 \u0110T TP H\u00e0 N\u1ed9i \u0110\u1ecba ch\u1ec9: 283 T\u00e2y M\u1ed7, Ph\u01b0\u1eddng \u0110\u1ea1i M\u1ed7, Qu\u1eadn Nam T\u1eeb Li\u00eam, Th\u00e0nh Ph\u1ed1 H\u00e0 N\u1ed9i. Hotline: 0963 689 531 Email: admin@royalstone.com.vn Ch\u1ec9 \u0111\u01b0\u1eddng \u0111\u1ebfn v\u1edbi Royal Stone &#8211; T\u1ed5ng&#8230;<\/p>","protected":false},"author":2,"featured_media":228,"parent":0,"menu_order":0,"comment_status":"closed","ping_status":"closed","template":"","meta":{"inline_featured_image":false,"footnotes":""},"class_list":["post-1229","page","type-page","status-publish","has-post-thumbnail","hentry"],"amp_enabled":true,"_links":{"self":[{"href":"https:\/\/royalstone.com.vn\/en\/wp-json\/wp\/v2\/pages\/1229","targetHints":{"allow":["GET"]}}],"collection":[{"href":"https:\/\/royalstone.com.vn\/en\/wp-json\/wp\/v2\/pages"}],"about":[{"href":"https:\/\/royalstone.com.vn\/en\/wp-json\/wp\/v2\/types\/page"}],"author":[{"embeddable":true,"href":"https:\/\/royalstone.com.vn\/en\/wp-json\/wp\/v2\/users\/2"}],"replies":[{"embeddable":true,"href":"https:\/\/royalstone.com.vn\/en\/wp-json\/wp\/v2\/comments?post=1229"}],"version-history":[{"count":0,"href":"https:\/\/royalstone.com.vn\/en\/wp-json\/wp\/v2\/pages\/1229\/revisions"}],"wp:featuredmedia":[{"embeddable":true,"href":"https:\/\/royalstone.com.vn\/en\/wp-json\/wp\/v2\/media\/228"}],"wp:attachment":[{"href":"https:\/\/royalstone.com.vn\/en\/wp-json\/wp\/v2\/media?parent=1229"}],"curies":[{"name":"wp","href":"https:\/\/api.w.org\/{rel}","templated":true}]}}